{"id":9,"date":"2021-02-20T00:50:01","date_gmt":"2021-02-20T00:50:01","guid":{"rendered":"https:\/\/websentimientodemexico.wordpress.com\/?page_id=9"},"modified":"2023-10-24T20:06:55","modified_gmt":"2023-10-24T20:06:55","slug":"about","status":"publish","type":"page","link":"https:\/\/sentimientodemexico.com\/index.php\/about\/","title":{"rendered":"CONOCENOS"},"content":{"rendered":"\n<div style=\"height:20px\" aria-hidden=\"true\" class=\"wp-block-spacer\"><\/div>\n\n\n\n<div class=\"wp-block-group alignfull\"><div class=\"wp-block-group__inner-container is-layout-flow wp-block-group-is-layout-flow\">\n<div class=\"wp-block-jetpack-layout-grid alignfull column1-desktop-grid__span-4 column1-desktop-grid__start-2 column1-desktop-grid__row-1 column2-desktop-grid__span-6 column2-desktop-grid__start-6 column2-desktop-grid__row-1 column1-tablet-grid__span-3 column1-tablet-grid__row-1 column2-tablet-grid__span-5 column2-tablet-grid__start-4 column2-tablet-grid__row-1 column1-mobile-grid__span-4 column1-mobile-grid__row-1 column2-mobile-grid__span-4 column2-mobile-grid__row-2\">\n<div class=\"wp-block-jetpack-layout-grid-column wp-block-jetpack-layout-grid__padding-none\">\n<figure class=\"wp-block-image size-large is-resized is-style-rounded\"><img loading=\"lazy\" decoding=\"async\" width=\"1024\" height=\"1024\" src=\"http:\/\/sentimientodemexico.com\/wp-content\/uploads\/2021\/02\/IMG-20201206-WA0031-1024x1024.jpg\" alt=\"\" class=\"wp-image-190\" style=\"width:453px;height:453px\" srcset=\"https:\/\/sentimientodemexico.com\/wp-content\/uploads\/2021\/02\/IMG-20201206-WA0031-1024x1024.jpg 1024w, https:\/\/sentimientodemexico.com\/wp-content\/uploads\/2021\/02\/IMG-20201206-WA0031-300x300.jpg 300w, https:\/\/sentimientodemexico.com\/wp-content\/uploads\/2021\/02\/IMG-20201206-WA0031-150x150.jpg 150w, https:\/\/sentimientodemexico.com\/wp-content\/uploads\/2021\/02\/IMG-20201206-WA0031-768x768.jpg 768w, https:\/\/sentimientodemexico.com\/wp-content\/uploads\/2021\/02\/IMG-20201206-WA0031.jpg 1280w\" sizes=\"auto, (max-width: 1024px) 100vw, 1024px\" \/><\/figure>\n\n\n\n<iframe loading=\"lazy\" src=\"https:\/\/www.facebook.com\/plugins\/page.php?href=https%3A%2F%2Fwww.facebook.com%2Fcalidadyprecioenmariachisciudaddemexicodf%2F&#038;tabs=timeline&#038;width=340&#038;height=500&#038;small_header=true&#038;adapt_container_width=true&#038;hide_cover=false&#038;show_facepile=true&#038;appId\" width=\"340\" height=\"400\" style=\"border:none;overflow:hidden\" scrolling=\"no\" frameborder=\"0\" allowfullscreen=\"true\" allow=\"autoplay; clipboard-write; encrypted-media; picture-in-picture; web-share\"><\/iframe>\n\n\n\n<p><\/p>\n<\/div>\n\n\n\n<div class=\"wp-block-jetpack-layout-grid-column wp-block-jetpack-layout-grid__padding-none\">\n<h2 class=\"wp-block-heading\">Asociaci\u00f3n Musical Sentimiento de M\u00e9xico<\/h2>\n\n\n\n<p>Desde hace m\u00e1s de 20 a\u00f1os nos hemos mantenido en el gusto de la gente. Hemos forjado una trayectoria y nos hemos presentado en eventos de todo tipo, desde celebraciones privadas, hasta pisar escenarios con compa\u00f1eros artistas de renombre.<\/p>\n\n\n\n<p>Nuestra prioridad siempre ha sido dar ese toque especial en cada presentaci\u00f3n, para nosotros no hay evento peque\u00f1o, todos llevan Profesionalismo, Versatilidad, Puntualidad y Calidad.<\/p>\n\n\n\n<p>Manejamos muy extensos repertorios de todos los tiempos, desde lo m\u00e1s reconocido de exponentes como Pedro Infante, Antonio Aguilar, Jos\u00e9 Alfredo Jim\u00e9nez, hasta versiones actuales de Luis Miguel, Alejandro Fern\u00e1ndez, Juan Gabriel y algunos temas de Banda rom\u00e1ntica.<\/p>\n\n\n\n<p>Hemos cuidado cada detalle para seguir amenizando tus reuniones o festejos, siempre con la excelencia que se merecen.<\/p>\n\n\n\n<p>Nuestra gama de Mariachis es extensa para ajustarnos al que sea de tu agrado. <\/p>\n\n\n\n<p>Gracias por permitirnos acompa\u00f1arte.<\/p>\n<\/div>\n<\/div>\n<\/div><\/div>\n","protected":false},"excerpt":{"rendered":"<p>Asociaci\u00f3n Musical Sentimiento de M\u00e9xico Desde hace m\u00e1s de 20 a\u00f1os nos hemos mantenido en el gusto de la gente. Hemos forjado una trayectoria y nos hemos presentado en eventos de todo tipo, desde celebraciones privadas, hasta pisar escenarios con compa\u00f1eros artistas de renombre. Nuestra prioridad siempre ha sido dar ese toque especial en cada&hellip; <a class=\"more-link\" href=\"https:\/\/sentimientodemexico.com\/index.php\/about\/\">Seguir leyendo <span class=\"screen-reader-text\">CONOCENOS<\/span><\/a><\/p>\n","protected":false},"author":1,"featured_media":0,"parent":0,"menu_order":0,"comment_status":"closed","ping_status":"closed","template":"","meta":{"_joinchat":[],"footnotes":""},"class_list":["post-9","page","type-page","status-publish","hentry","entry"],"jetpack_sharing_enabled":false,"_links":{"self":[{"href":"https:\/\/sentimientodemexico.com\/index.php\/wp-json\/wp\/v2\/pages\/9","targetHints":{"allow":["GET"]}}],"collection":[{"href":"https:\/\/sentimientodemexico.com\/index.php\/wp-json\/wp\/v2\/pages"}],"about":[{"href":"https:\/\/sentimientodemexico.com\/index.php\/wp-json\/wp\/v2\/types\/page"}],"author":[{"embeddable":true,"href":"https:\/\/sentimientodemexico.com\/index.php\/wp-json\/wp\/v2\/users\/1"}],"replies":[{"embeddable":true,"href":"https:\/\/sentimientodemexico.com\/index.php\/wp-json\/wp\/v2\/comments?post=9"}],"version-history":[{"count":14,"href":"https:\/\/sentimientodemexico.com\/index.php\/wp-json\/wp\/v2\/pages\/9\/revisions"}],"predecessor-version":[{"id":1117,"href":"https:\/\/sentimientodemexico.com\/index.php\/wp-json\/wp\/v2\/pages\/9\/revisions\/1117"}],"wp:attachment":[{"href":"https:\/\/sentimientodemexico.com\/index.php\/wp-json\/wp\/v2\/media?parent=9"}],"curies":[{"name":"wp","href":"https:\/\/api.w.org\/{rel}","templated":true}]}}