{"id":7,"date":"2021-02-20T00:50:03","date_gmt":"2021-02-20T00:50:03","guid":{"rendered":"https:\/\/websentimientodemexico.wordpress.com\/?page_id=7"},"modified":"2024-05-14T23:51:23","modified_gmt":"2024-05-14T23:51:23","slug":"blog","status":"publish","type":"page","link":"https:\/\/sentimientodemexico.com\/index.php\/blog\/","title":{"rendered":"PRECIOS"},"content":{"rendered":"\n<div class=\"wp-block-cover alignfull is-light\" style=\"min-height:480px;aspect-ratio:unset;\"><span aria-hidden=\"true\" class=\"wp-block-cover__background has-background-dim-10 has-background-dim\"><\/span><img loading=\"lazy\" decoding=\"async\" width=\"2250\" height=\"1500\" class=\"wp-block-cover__image-background wp-image-88\" alt=\"\" src=\"https:\/\/websentimientodemexico.files.wordpress.com\/2021\/02\/pexels-gil-garza-745203.jpg\" data-object-fit=\"cover\" srcset=\"https:\/\/sentimientodemexico.com\/wp-content\/uploads\/2021\/02\/pexels-gil-garza-745203.jpg 2250w, https:\/\/sentimientodemexico.com\/wp-content\/uploads\/2021\/02\/pexels-gil-garza-745203-300x200.jpg 300w, https:\/\/sentimientodemexico.com\/wp-content\/uploads\/2021\/02\/pexels-gil-garza-745203-1024x683.jpg 1024w, https:\/\/sentimientodemexico.com\/wp-content\/uploads\/2021\/02\/pexels-gil-garza-745203-768x512.jpg 768w, https:\/\/sentimientodemexico.com\/wp-content\/uploads\/2021\/02\/pexels-gil-garza-745203-1536x1024.jpg 1536w, https:\/\/sentimientodemexico.com\/wp-content\/uploads\/2021\/02\/pexels-gil-garza-745203-2048x1365.jpg 2048w, https:\/\/sentimientodemexico.com\/wp-content\/uploads\/2021\/02\/pexels-gil-garza-745203-1568x1045.jpg 1568w\" sizes=\"auto, (max-width: 2250px) 100vw, 2250px\" \/><div class=\"wp-block-cover__inner-container is-layout-flow wp-block-cover-is-layout-flow\">\n<h2 class=\"wp-block-heading has-text-align-center\"><strong>COSTOS DE SERVICIOS<\/strong><\/h2>\n<\/div><\/div>\n\n\n\n<div class=\"wp-block-columns alignfull is-layout-flex wp-container-core-columns-is-layout-9d6595d7 wp-block-columns-is-layout-flex\">\n<div class=\"wp-block-column is-vertically-aligned-center is-layout-flow wp-block-column-is-layout-flow\">\n<div class=\"wp-block-group\"><div class=\"wp-block-group__inner-container is-layout-flow wp-block-group-is-layout-flow\">\n<p><mark style=\"background-color:rgba(0, 0, 0, 0);color:#f8170f\" class=\"has-inline-color\"><strong>MARIACHI ECON\u00d3MICO &#8211; B\u00c1SICO<\/strong><\/mark><\/p>\n\n\n\n<div class=\"wp-block-group\"><div class=\"wp-block-group__inner-container is-layout-flow wp-block-group-is-layout-flow\">\n<figure class=\"wp-block-table\"><table class=\"has-black-color has-text-color has-background\" style=\"background-color:#fcf0ef\"><tbody><tr><td class=\"has-text-align-center\" data-align=\"center\"><strong><code><em><span style=\"color:#f8030b\" class=\"has-inline-color\">INTEGRANTES<\/span><\/em><\/code><\/strong><\/td><td class=\"has-text-align-center\" data-align=\"center\"><strong><em><code><span style=\"color:#f8030b\" class=\"has-inline-color\">COSTO x HORA<\/span><\/code><\/em><\/strong><\/td><\/tr><tr><td class=\"has-text-align-center\" data-align=\"center\"><strong>3<\/strong><\/td><td class=\"has-text-align-center\" data-align=\"center\"><mark style=\"background-color:rgba(0, 0, 0, 0)\" class=\"has-inline-color has-black-color\">$2,500<\/mark><\/td><\/tr><tr><td class=\"has-text-align-center\" data-align=\"center\"><strong><span class=\"has-inline-color has-black-color\">4<\/span><\/strong><\/td><td class=\"has-text-align-center\" data-align=\"center\"><mark style=\"background-color:rgba(0, 0, 0, 0)\" class=\"has-inline-color has-black-color\">$3,200<\/mark><\/td><\/tr><tr><td class=\"has-text-align-center\" data-align=\"center\"><strong><span class=\"has-inline-color has-black-color\">5<\/span><\/strong><\/td><td class=\"has-text-align-center\" data-align=\"center\"><mark style=\"background-color:rgba(0, 0, 0, 0)\" class=\"has-inline-color has-black-color\">$3,800<\/mark><\/td><\/tr><tr><td class=\"has-text-align-center\" data-align=\"center\"><strong><span class=\"has-inline-color has-black-color\">6<\/span><\/strong><\/td><td class=\"has-text-align-center\" data-align=\"center\"><mark style=\"background-color:rgba(0, 0, 0, 0)\" class=\"has-inline-color has-black-color\">$4,400<\/mark><\/td><\/tr><tr><td class=\"has-text-align-center\" data-align=\"center\"><strong><span class=\"has-inline-color has-black-color\">7<\/span><\/strong><\/td><td class=\"has-text-align-center\" data-align=\"center\"><mark style=\"background-color:rgba(0, 0, 0, 0)\" class=\"has-inline-color has-black-color\">$5,000<\/mark><\/td><\/tr><\/tbody><\/table><figcaption class=\"wp-element-caption\"><strong>LA HORA CUBRE 13 CANCIONES APROX.<\/strong><\/figcaption><\/figure>\n<\/div><\/div>\n<\/div><\/div>\n<\/div>\n\n\n\n<div class=\"wp-block-column is-layout-flow wp-block-column-is-layout-flow\">\n<div class=\"wp-block-group\"><div class=\"wp-block-group__inner-container is-layout-flow wp-block-group-is-layout-flow\">\n<p class=\"has-text-align-center\"><mark style=\"background-color:rgba(0, 0, 0, 0);color:#0001a3\" class=\"has-inline-color\"><strong>MARIACHI GRANDE &#8211; COMPLETO<\/strong><\/mark><\/p>\n\n\n\n<div class=\"wp-block-group\"><div class=\"wp-block-group__inner-container is-layout-flow wp-block-group-is-layout-flow\">\n<figure class=\"wp-block-table is-style-regular\"><table class=\"has-background\" style=\"background-color:#e7f5fe\"><tbody><tr><td class=\"has-text-align-center\" data-align=\"center\"><strong><code><span style=\"color:#042ffb\" class=\"has-inline-color\">INTEGRANTES<\/span><\/code><\/strong><\/td><td class=\"has-text-align-center\" data-align=\"center\"><strong><code><em><span style=\"color:#042ffb\" class=\"has-inline-color\">COSTO x HORA<\/span><\/em><\/code><\/strong><\/td><\/tr><tr><td class=\"has-text-align-center\" data-align=\"center\"><strong>8<\/strong><\/td><td class=\"has-text-align-center\" data-align=\"center\">$6,500<\/td><\/tr><\/tbody><\/table><figcaption class=\"wp-element-caption\"><strong><strong>LA HORA CUBRE 13 CANCIONE<\/strong>S, AUDIO B\u00c1SICO Y VOCALISTA FEMENINA<\/strong><\/figcaption><\/figure>\n\n\n\n<p><\/p>\n\n\n\n<p><\/p>\n<\/div><\/div>\n<\/div><\/div>\n<\/div>\n\n\n\n<div class=\"wp-block-column is-layout-flow wp-block-column-is-layout-flow\">\n<div class=\"wp-block-group\"><div class=\"wp-block-group__inner-container is-layout-flow wp-block-group-is-layout-flow\">\n<p class=\"has-text-align-center\"><mark style=\"background-color:rgba(0, 0, 0, 0);color:#05f441\" class=\"has-inline-color\">MARIACHI MONUMENTAL<\/mark><\/p>\n\n\n\n<div class=\"wp-block-group\"><div class=\"wp-block-group__inner-container is-layout-flow wp-block-group-is-layout-flow\">\n<figure class=\"wp-block-table\"><table class=\"has-black-color has-text-color has-background\" style=\"background-color:#e9fbe5\"><tbody><tr><td class=\"has-text-align-center\" data-align=\"center\"><strong><code><span style=\"color:#57f330\" class=\"has-inline-color\">INTEGRANTES<\/span><\/code><\/strong><\/td><td class=\"has-text-align-center\" data-align=\"center\"><strong><em><code><span style=\"color:#57f330\" class=\"has-inline-color\">COSTO x HORA<\/span><\/code><\/em><\/strong><\/td><\/tr><tr><td class=\"has-text-align-center\" data-align=\"center\"><strong><span class=\"has-inline-color has-black-color\">12<\/span><\/strong><\/td><td class=\"has-text-align-center\" data-align=\"center\"><mark style=\"background-color:rgba(0, 0, 0, 0)\" class=\"has-inline-color has-black-color\">$14,000<\/mark><\/td><\/tr><\/tbody><\/table><figcaption class=\"wp-element-caption\"><strong>LA HORA CUBRE 13 CANCIONES, PODEMOS CUBRIR CON GRUPO M\u00c1XIMO DE <span style=\"text-decoration: underline;\">25<\/span> INTEGRANTES.<\/strong><\/figcaption><\/figure>\n<\/div><\/div>\n<\/div><\/div>\n<\/div>\n<\/div>\n\n\n\n<p class=\"has-background\" style=\"background-color:#f0f477\"><strong><span class=\"has-inline-color has-gray-color\">Estos precios NO aplican en d\u00edas festivos o en zonas fuera de cobertura. Para Contrataciones en m\u00e1s de 3 horas, le brindamos varias opciones de grupo en diversos tama\u00f1os.<\/span><\/strong><\/p>\n","protected":false},"excerpt":{"rendered":"<p>MARIACHI ECON\u00d3MICO &#8211; B\u00c1SICO INTEGRANTES COSTO x HORA 3 $2,500 4 $3,200 5 $3,800 6 $4,400 7 $5,000 LA HORA CUBRE 13 CANCIONES APROX. MARIACHI GRANDE &#8211; COMPLETO INTEGRANTES COSTO x HORA 8 $6,500 LA HORA CUBRE 13 CANCIONES, AUDIO B\u00c1SICO Y VOCALISTA FEMENINA MARIACHI MONUMENTAL INTEGRANTES COSTO x HORA 12 $14,000 LA HORA CUBRE&hellip; <a class=\"more-link\" href=\"https:\/\/sentimientodemexico.com\/index.php\/blog\/\">Seguir leyendo <span class=\"screen-reader-text\">PRECIOS<\/span><\/a><\/p>\n","protected":false},"author":1,"featured_media":0,"parent":0,"menu_order":0,"comment_status":"closed","ping_status":"closed","template":"","meta":{"_joinchat":[],"footnotes":""},"class_list":["post-7","page","type-page","status-publish","hentry","entry"],"jetpack_sharing_enabled":false,"_links":{"self":[{"href":"https:\/\/sentimientodemexico.com\/index.php\/wp-json\/wp\/v2\/pages\/7","targetHints":{"allow":["GET"]}}],"collection":[{"href":"https:\/\/sentimientodemexico.com\/index.php\/wp-json\/wp\/v2\/pages"}],"about":[{"href":"https:\/\/sentimientodemexico.com\/index.php\/wp-json\/wp\/v2\/types\/page"}],"author":[{"embeddable":true,"href":"https:\/\/sentimientodemexico.com\/index.php\/wp-json\/wp\/v2\/users\/1"}],"replies":[{"embeddable":true,"href":"https:\/\/sentimientodemexico.com\/index.php\/wp-json\/wp\/v2\/comments?post=7"}],"version-history":[{"count":10,"href":"https:\/\/sentimientodemexico.com\/index.php\/wp-json\/wp\/v2\/pages\/7\/revisions"}],"predecessor-version":[{"id":1611,"href":"https:\/\/sentimientodemexico.com\/index.php\/wp-json\/wp\/v2\/pages\/7\/revisions\/1611"}],"wp:attachment":[{"href":"https:\/\/sentimientodemexico.com\/index.php\/wp-json\/wp\/v2\/media?parent=7"}],"curies":[{"name":"wp","href":"https:\/\/api.w.org\/{rel}","templated":true}]}}