{"id":6,"date":"2021-02-19T23:26:08","date_gmt":"2021-02-20T05:26:08","guid":{"rendered":"https:\/\/websentimientodemexico.wordpress.com\/?page_id=6"},"modified":"2023-10-24T19:57:06","modified_gmt":"2023-10-24T19:57:06","slug":"home","status":"publish","type":"page","link":"https:\/\/sentimientodemexico.com\/","title":{"rendered":"Sentimiento de M\u00e9xico"},"content":{"rendered":"\n<div class=\"wp-block-cover alignfull is-light\"><span aria-hidden=\"true\" class=\"wp-block-cover__background has-background-dim-40 has-background-dim\"><\/span><img loading=\"lazy\" decoding=\"async\" width=\"1152\" height=\"864\" class=\"wp-block-cover__image-background wp-image-36\" alt=\"\" src=\"https:\/\/websentimientodemexico.files.wordpress.com\/2021\/02\/2f95ef33-22c0-4889-8300-6ba87132c4eb.jpg\" data-object-fit=\"cover\" srcset=\"https:\/\/sentimientodemexico.com\/wp-content\/uploads\/2021\/02\/2f95ef33-22c0-4889-8300-6ba87132c4eb.jpg 1152w, https:\/\/sentimientodemexico.com\/wp-content\/uploads\/2021\/02\/2f95ef33-22c0-4889-8300-6ba87132c4eb-300x225.jpg 300w, https:\/\/sentimientodemexico.com\/wp-content\/uploads\/2021\/02\/2f95ef33-22c0-4889-8300-6ba87132c4eb-1024x768.jpg 1024w, https:\/\/sentimientodemexico.com\/wp-content\/uploads\/2021\/02\/2f95ef33-22c0-4889-8300-6ba87132c4eb-768x576.jpg 768w\" sizes=\"auto, (max-width: 1152px) 100vw, 1152px\" \/><div class=\"wp-block-cover__inner-container is-layout-flow wp-block-cover-is-layout-flow\">\n<div class=\"wp-block-jetpack-layout-grid alignfull column1-desktop-grid__span-8 column1-desktop-grid__start-3 column1-desktop-grid__row-1 column1-tablet-grid__span-8 column1-tablet-grid__row-1 column1-mobile-grid__span-4 column1-mobile-grid__row-1\">\n<div class=\"wp-block-jetpack-layout-grid-column wp-block-jetpack-layout-grid__padding-none\">\n<p class=\"has-text-align-center\" style=\"font-size:50px\"><strong>Sentimiento de M\u00e9xico<\/strong><\/p>\n\n\n\n<p class=\"has-text-align-center\" style=\"font-size:30px\"><strong>Mariachis Profesionales para todo tipo de evento CDMX, GUADALAJARA, JALISCO<\/strong>.<br><br><br><\/p>\n\n\n\n<div class=\"wp-block-buttons is-content-justification-center is-layout-flex wp-container-core-buttons-is-layout-16018d1d wp-block-buttons-is-layout-flex\">\n<div class=\"wp-block-button is-style-fill\"><a class=\"wp-block-button__link has-black-color has-white-background-color has-text-color has-background wp-element-button\" href=\"http:\/\/sentimientodemexico.com\/index.php\/blog\/\" style=\"border-radius:50px\">Costos de Servicios<\/a><\/div>\n<\/div>\n\n\n\n<div class=\"wp-block-columns is-layout-flex wp-container-core-columns-is-layout-9d6595d7 wp-block-columns-is-layout-flex\">\n<div class=\"wp-block-column is-layout-flow wp-block-column-is-layout-flow\"><\/div>\n\n\n\n<div class=\"wp-block-column is-vertically-aligned-top is-layout-flow wp-block-column-is-layout-flow\"><\/div>\n<\/div>\n<\/div>\n<\/div>\n<\/div><\/div>\n\n\n\n<div class=\"wp-block-jetpack-layout-grid alignfull column1-desktop-grid__span-3 column1-desktop-grid__row-1 column2-desktop-grid__span-3 column2-desktop-grid__start-4 column2-desktop-grid__row-1 column3-desktop-grid__span-3 column3-desktop-grid__start-7 column3-desktop-grid__row-1 column4-desktop-grid__span-3 column4-desktop-grid__start-10 column4-desktop-grid__row-1 column1-tablet-grid__span-4 column1-tablet-grid__row-1 column2-tablet-grid__span-4 column2-tablet-grid__start-5 column2-tablet-grid__row-1 column3-tablet-grid__span-4 column3-tablet-grid__row-2 column4-tablet-grid__span-4 column4-tablet-grid__start-5 column4-tablet-grid__row-2 column1-mobile-grid__span-4 column1-mobile-grid__row-1 column2-mobile-grid__span-4 column2-mobile-grid__row-2 column3-mobile-grid__span-4 column3-mobile-grid__row-3 column4-mobile-grid__span-4 column4-mobile-grid__row-4\">\n<div class=\"wp-block-jetpack-layout-grid-column wp-block-jetpack-layout-grid__padding-none\">\n<div class=\"wp-block-cover aligncenter is-light\" style=\"min-height:321px;aspect-ratio:unset;\"><span aria-hidden=\"true\" class=\"wp-block-cover__background has-light-black-background-color has-background-dim\"><\/span><img loading=\"lazy\" decoding=\"async\" width=\"1880\" height=\"1253\" class=\"wp-block-cover__image-background wp-image-51\" alt=\"\" src=\"https:\/\/websentimientodemexico.files.wordpress.com\/2021\/02\/pexels-photo-1059383.jpeg\" data-object-fit=\"cover\" srcset=\"https:\/\/sentimientodemexico.com\/wp-content\/uploads\/2021\/02\/pexels-photo-1059383.jpeg 1880w, https:\/\/sentimientodemexico.com\/wp-content\/uploads\/2021\/02\/pexels-photo-1059383-300x200.jpeg 300w, https:\/\/sentimientodemexico.com\/wp-content\/uploads\/2021\/02\/pexels-photo-1059383-1024x682.jpeg 1024w, https:\/\/sentimientodemexico.com\/wp-content\/uploads\/2021\/02\/pexels-photo-1059383-768x512.jpeg 768w, https:\/\/sentimientodemexico.com\/wp-content\/uploads\/2021\/02\/pexels-photo-1059383-1536x1024.jpeg 1536w, https:\/\/sentimientodemexico.com\/wp-content\/uploads\/2021\/02\/pexels-photo-1059383-1568x1045.jpeg 1568w\" sizes=\"auto, (max-width: 1880px) 100vw, 1880px\" \/><div class=\"wp-block-cover__inner-container is-layout-flow wp-block-cover-is-layout-flow\">\n<div class=\"wp-block-group\"><div class=\"wp-block-group__inner-container is-layout-flow wp-block-group-is-layout-flow\">\n<h3 class=\"wp-block-heading has-text-align-center has-white-color has-text-color\"><strong><span class=\"uppercase\">Reservaciones<\/span><\/strong><\/h3>\n\n\n\n<h6 class=\"wp-block-heading has-text-align-center has-white-color has-text-color\" style=\"font-size:18px\">Contacta m\u00ednimo 2 horas antes de tu evento por llamada, SMS o WhatsApp<\/h6>\n<\/div><\/div>\n<\/div><\/div>\n<\/div>\n\n\n\n<div class=\"wp-block-jetpack-layout-grid-column wp-block-jetpack-layout-grid__padding-none\">\n<div class=\"wp-block-cover is-light\" style=\"min-height:321px;aspect-ratio:unset;\"><span aria-hidden=\"true\" class=\"wp-block-cover__background has-light-black-background-color has-background-dim\"><\/span><img loading=\"lazy\" decoding=\"async\" width=\"1880\" height=\"1253\" class=\"wp-block-cover__image-background wp-image-54\" alt=\"\" src=\"https:\/\/websentimientodemexico.files.wordpress.com\/2021\/02\/pexels-photo-714701.jpeg\" data-object-fit=\"cover\" srcset=\"https:\/\/sentimientodemexico.com\/wp-content\/uploads\/2021\/02\/pexels-photo-714701.jpeg 1880w, https:\/\/sentimientodemexico.com\/wp-content\/uploads\/2021\/02\/pexels-photo-714701-300x200.jpeg 300w, https:\/\/sentimientodemexico.com\/wp-content\/uploads\/2021\/02\/pexels-photo-714701-1024x682.jpeg 1024w, https:\/\/sentimientodemexico.com\/wp-content\/uploads\/2021\/02\/pexels-photo-714701-768x512.jpeg 768w, https:\/\/sentimientodemexico.com\/wp-content\/uploads\/2021\/02\/pexels-photo-714701-1536x1024.jpeg 1536w, https:\/\/sentimientodemexico.com\/wp-content\/uploads\/2021\/02\/pexels-photo-714701-1568x1045.jpeg 1568w\" sizes=\"auto, (max-width: 1880px) 100vw, 1880px\" \/><div class=\"wp-block-cover__inner-container is-layout-flow wp-block-cover-is-layout-flow\">\n<div class=\"wp-block-group\"><div class=\"wp-block-group__inner-container is-layout-flow wp-block-group-is-layout-flow\">\n<h3 class=\"wp-block-heading has-text-align-center has-white-color has-text-color\"><strong><span class=\"uppercase\">Horario<\/span><\/strong><\/h3>\n\n\n\n<h6 class=\"wp-block-heading has-text-align-center has-white-color has-text-color\" style=\"font-size:18px\">Disponibilidad las 24 horas los 365 d\u00edas del a\u00f1o<\/h6>\n<\/div><\/div>\n<\/div><\/div>\n<\/div>\n\n\n\n<div class=\"wp-block-jetpack-layout-grid-column wp-block-jetpack-layout-grid__padding-none\">\n<div class=\"wp-block-cover is-light\" style=\"min-height:322px;aspect-ratio:unset;\"><span aria-hidden=\"true\" class=\"wp-block-cover__background has-light-black-background-color has-background-dim\"><\/span><img loading=\"lazy\" decoding=\"async\" width=\"867\" height=\"1300\" class=\"wp-block-cover__image-background wp-image-59\" alt=\"\" src=\"https:\/\/websentimientodemexico.files.wordpress.com\/2021\/02\/violin-musical-instrument-music-sound.jpg\" data-object-fit=\"cover\" srcset=\"https:\/\/sentimientodemexico.com\/wp-content\/uploads\/2021\/02\/violin-musical-instrument-music-sound.jpg 867w, https:\/\/sentimientodemexico.com\/wp-content\/uploads\/2021\/02\/violin-musical-instrument-music-sound-200x300.jpg 200w, https:\/\/sentimientodemexico.com\/wp-content\/uploads\/2021\/02\/violin-musical-instrument-music-sound-683x1024.jpg 683w\" sizes=\"auto, (max-width: 867px) 100vw, 867px\" \/><div class=\"wp-block-cover__inner-container is-layout-flow wp-block-cover-is-layout-flow\">\n<h3 class=\"wp-block-heading has-text-align-center has-background-color has-text-color\"><span class=\"uppercase\"><span style=\"color:#FFFFFF;\" class=\"has-inline-color\"><strong>Grupos<\/strong><\/span><\/span><\/h3>\n\n\n\n<h6 class=\"wp-block-heading has-text-align-center has-text-color\" style=\"color:#000000;font-size:18px\"><mark style=\"background-color:rgba(0, 0, 0, 0);color:#FFFFFF;\" class=\"has-inline-color\">Contamos con diversidad de grupos tales como: Varonil, Femenil, Mixto o Cristiano<\/mark><\/h6>\n<\/div><\/div>\n<\/div>\n\n\n\n<div class=\"wp-block-jetpack-layout-grid-column wp-block-jetpack-layout-grid__padding-none\">\n<div class=\"wp-block-cover is-light\" style=\"min-height:322px;aspect-ratio:unset;\"><span aria-hidden=\"true\" class=\"wp-block-cover__background has-light-black-background-color has-background-dim\"><\/span><img loading=\"lazy\" decoding=\"async\" width=\"1880\" height=\"1253\" class=\"wp-block-cover__image-background wp-image-61\" alt=\"\" src=\"https:\/\/websentimientodemexico.files.wordpress.com\/2021\/02\/coins-currency-investment-insurance-128867.jpeg\" data-object-fit=\"cover\" srcset=\"https:\/\/sentimientodemexico.com\/wp-content\/uploads\/2021\/02\/coins-currency-investment-insurance-128867.jpeg 1880w, https:\/\/sentimientodemexico.com\/wp-content\/uploads\/2021\/02\/coins-currency-investment-insurance-128867-300x200.jpeg 300w, https:\/\/sentimientodemexico.com\/wp-content\/uploads\/2021\/02\/coins-currency-investment-insurance-128867-1024x682.jpeg 1024w, https:\/\/sentimientodemexico.com\/wp-content\/uploads\/2021\/02\/coins-currency-investment-insurance-128867-768x512.jpeg 768w, https:\/\/sentimientodemexico.com\/wp-content\/uploads\/2021\/02\/coins-currency-investment-insurance-128867-1536x1024.jpeg 1536w, https:\/\/sentimientodemexico.com\/wp-content\/uploads\/2021\/02\/coins-currency-investment-insurance-128867-1568x1045.jpeg 1568w\" sizes=\"auto, (max-width: 1880px) 100vw, 1880px\" \/><div class=\"wp-block-cover__inner-container is-layout-flow wp-block-cover-is-layout-flow\">\n<h3 class=\"wp-block-heading has-text-align-center\"><span class=\"uppercase\"><span style=\"color:#FFFFFF;\" class=\"has-inline-color\"><strong>Pago<\/strong><\/span><\/span><\/h3>\n\n\n\n<h6 class=\"wp-block-heading has-text-align-center\" style=\"font-size:18px\"><mark style=\"background-color:rgba(0, 0, 0, 0);color:#FFFFFF;\" class=\"has-inline-color\">Efectivo o transferencia bancaria<\/mark><\/h6>\n<\/div><\/div>\n<\/div>\n<\/div>\n\n\n\n<div class=\"wp-block-cover is-light\" style=\"min-height:65px;aspect-ratio:unset;\"><span aria-hidden=\"true\" class=\"wp-block-cover__background has-background-dim-100 has-background-dim has-background-gradient\" style=\"background:linear-gradient(135deg,rgba(6,147,227,1) 16%,rgb(155,81,224) 66%)\"><\/span><div class=\"wp-block-cover__inner-container is-layout-flow wp-block-cover-is-layout-flow\">\n<p class=\"has-text-align-center has-large-font-size\">CONTACTANOS<\/p>\n\n\n\n<p class=\"has-text-align-center\"><strong>CEL. 5536512478<\/strong><\/p>\n<\/div><\/div>\n\n\n\n<div class=\"wp-block-columns is-layout-flex wp-container-core-columns-is-layout-9d6595d7 wp-block-columns-is-layout-flex\">\n<div class=\"wp-block-column is-layout-flow wp-block-column-is-layout-flow\">\n<div class=\"wp-block-buttons is-content-justification-center is-layout-flex wp-container-core-buttons-is-layout-16018d1d wp-block-buttons-is-layout-flex\">\n<div class=\"wp-block-button is-style-outline is-style-outline--1\"><a class=\"wp-block-button__link has-white-color has-text-color has-background wp-element-button\" href=\"https:\/\/wa.me\/+525536512478\" style=\"border-radius:50px;background-color:#22dd19\" target=\"_blank\" rel=\"noreferrer noopener\">WhatsApp<\/a><\/div>\n<\/div>\n<\/div>\n\n\n\n<div class=\"wp-block-column is-layout-flow wp-block-column-is-layout-flow\">\n<div class=\"wp-block-buttons is-content-justification-center is-layout-flex wp-container-core-buttons-is-layout-16018d1d wp-block-buttons-is-layout-flex\">\n<div class=\"wp-block-button is-style-outline is-style-outline--2\"><a class=\"wp-block-button__link has-white-color has-text-color has-background wp-element-button\" href=\"https:\/\/www.facebook.com\/sentimientodemexicomariachis\" style=\"border-radius:50px;background-color:#0068d1\" target=\"_blank\" rel=\"noreferrer noopener\">Facebook<\/a><\/div>\n<\/div>\n<\/div>\n<\/div>\n\n\n\n<div class=\"wp-block-media-text alignwide has-media-on-the-right is-stacked-on-mobile\"><div class=\"wp-block-media-text__content\">\n<h2 class=\"wp-block-heading\">\u00bfQui\u00e9nes somos?<\/h2>\n\n\n\n<p>Formamos una Asociaci\u00f3n cuyo prop\u00f3sito es brindar nuestros servicios musicales con Mariachis Profesionales, ajust\u00e1ndonos a la mayor\u00eda de presupuestos.<\/p>\n\n\n\n<p>Contamos con diversidad de grupos, los cuales ponemos a su disposici\u00f3n para amenizar su evento, esforz\u00e1ndonos por superar sus expectativas.<\/p>\n\n\n\n<div class=\"wp-block-buttons is-layout-flex wp-block-buttons-is-layout-flex\">\n<div class=\"wp-block-button is-style-outline is-style-outline--3\"><a class=\"wp-block-button__link has-black-color has-white-background-color has-text-color has-background wp-element-button\" href=\"http:\/\/sentimientodemexico.com\/index.php\/about\/\" style=\"border-radius:50px\"><strong>Saber mas&#8230;<\/strong><\/a><\/div>\n<\/div>\n<\/div><figure class=\"wp-block-media-text__media\"><img loading=\"lazy\" decoding=\"async\" width=\"640\" height=\"632\" src=\"https:\/\/websentimientodemexico.files.wordpress.com\/2021\/02\/marbella.jpg?w=640\" alt=\"\" class=\"wp-image-42 size-full\" srcset=\"https:\/\/sentimientodemexico.com\/wp-content\/uploads\/2021\/02\/marbella.jpg 640w, https:\/\/sentimientodemexico.com\/wp-content\/uploads\/2021\/02\/marbella-300x296.jpg 300w\" sizes=\"auto, (max-width: 640px) 100vw, 640px\" \/><\/figure><\/div>\n\n\n\n<div class=\"wp-block-jetpack-layout-grid alignfull column1-desktop-grid__span-6 column1-desktop-grid__row-1 column2-desktop-grid__span-6 column2-desktop-grid__start-7 column2-desktop-grid__row-1 column1-tablet-grid__span-4 column1-tablet-grid__row-1 column2-tablet-grid__span-4 column2-tablet-grid__start-5 column2-tablet-grid__row-1 column1-mobile-grid__span-4 column1-mobile-grid__row-1 column2-mobile-grid__span-4 column2-mobile-grid__row-2\">\n<div class=\"wp-block-jetpack-layout-grid-column wp-block-jetpack-layout-grid__padding-none\">\n<h2 class=\"wp-block-heading\">MARIACHI ECON\u00d3MICO &#8211; B\u00c1SICO<\/h2>\n\n\n\n<p style=\"font-size:26px\">Disponible con grupo desde 4 hasta 9 integrantes. Conforme incrementa el tama\u00f1o, aumentan los instrumentos y vocalistas.<\/p>\n\n\n\n<h2 class=\"wp-block-heading\">MARIACHI GRANDE COMPLETO<\/h2>\n\n\n\n<p style=\"font-size:26px\">Consta de 10 a 12 integrantes, puede llevar los instrumentos normales, arpa, acorde\u00f3n o audio b\u00e1sico.<\/p>\n\n\n\n<h2 class=\"wp-block-heading\">MARIACHI MONUMENTAL<\/h2>\n\n\n\n<p style=\"font-size:26px\">Consta de 12 o m\u00e1s integrantes, se presenta con arpa o acorde\u00f3n y sombrero. Todo varonil o mixto.<\/p>\n<\/div>\n\n\n\n<div class=\"wp-block-jetpack-layout-grid-column wp-block-jetpack-layout-grid__padding-none\">\n<div class=\"alignnormal\"><div id=\"metaslider-id-161\" style=\"width: 100%;\" class=\"ml-slider-3-108-0 metaslider metaslider-flex metaslider-161 ml-slider ml-slider-lightbox-2-22-0 lightbox-disabled ms-theme-default nav-hidden\" role=\"region\" aria-label=\"Nueva presentaci\u00f3n de diapositivas\" data-height=\"800\" data-width=\"1000\">\n    <div id=\"metaslider_container_161\">\n        <div id=\"metaslider_161\">\n            <ul class='slides'>\n                <li style=\"display: block; width: 100%;\" class=\"slide-163 ms-image \" aria-roledescription=\"slide\" data-date=\"2021-02-21 22:22:52\" data-filename=\"IMG-20200309-WA0002-720x576.jpg\" data-slide-type=\"image\"><img loading=\"lazy\" decoding=\"async\" src=\"https:\/\/sentimientodemexico.com\/wp-content\/uploads\/2021\/02\/IMG-20200309-WA0002-720x576.jpg\" height=\"800\" width=\"1000\" alt=\"\" class=\"slider-161 slide-163 msDefaultImage\" title=\"IMG-20200309-WA0002\" \/><div class=\"caption-wrap\"><div class=\"caption\">Mariachi Econ\u00f3mico<\/div><\/div><\/li>\n                <li style=\"display: none; width: 100%;\" class=\"slide-164 ms-image \" aria-roledescription=\"slide\" data-date=\"2021-02-21 22:23:01\" data-filename=\"juvenil-1000x800.jpg\" data-slide-type=\"image\"><img loading=\"lazy\" decoding=\"async\" src=\"https:\/\/sentimientodemexico.com\/wp-content\/uploads\/2021\/02\/juvenil-1000x800.jpg\" height=\"800\" width=\"1000\" alt=\"\" class=\"slider-161 slide-164 msDefaultImage\" title=\"juvenil\" \/><div class=\"caption-wrap\"><div class=\"caption\">Mariachi Completo<\/div><\/div><\/li>\n                <li style=\"display: none; width: 100%;\" class=\"slide-165 ms-image \" aria-roledescription=\"slide\" data-date=\"2021-02-21 22:23:08\" data-filename=\"IMG-20201206-WA0020-900x720.jpg\" data-slide-type=\"image\"><img loading=\"lazy\" decoding=\"async\" src=\"https:\/\/sentimientodemexico.com\/wp-content\/uploads\/2021\/02\/IMG-20201206-WA0020-900x720.jpg\" height=\"800\" width=\"1000\" alt=\"\" class=\"slider-161 slide-165 msDefaultImage\" title=\"IMG-20201206-WA0020\" \/><div class=\"caption-wrap\"><div class=\"caption\">Mariachi Monumental<\/div><\/div><\/li>\n            <\/ul>\n        <\/div>\n        \n    <\/div>\n<\/div><\/div>\n<\/div>\n<\/div>\n\n\n\n<div class=\"wp-block-cover alignfull\"><span aria-hidden=\"true\" class=\"wp-block-cover__background has-background-dim\"><\/span><img loading=\"lazy\" decoding=\"async\" width=\"2560\" height=\"1707\" class=\"wp-block-cover__image-background wp-image-126\" alt=\"\" src=\"http:\/\/sentimientodemexico.com\/wp-content\/uploads\/2021\/02\/pexels-pixabay-59858-scaled.jpg\" data-object-fit=\"cover\" srcset=\"https:\/\/sentimientodemexico.com\/wp-content\/uploads\/2021\/02\/pexels-pixabay-59858-scaled.jpg 2560w, https:\/\/sentimientodemexico.com\/wp-content\/uploads\/2021\/02\/pexels-pixabay-59858-300x200.jpg 300w\" sizes=\"auto, (max-width: 2560px) 100vw, 2560px\" \/><div class=\"wp-block-cover__inner-container is-layout-flow wp-block-cover-is-layout-flow\">\n<h2 class=\"wp-block-heading has-text-align-center\">Zona de Cobertura<\/h2>\n\n\n\n<p><em><strong>JALISCO:<\/strong><\/em> Guadalajara, Zapopan, San Miguel El Alto.<\/p>\n\n\n\n<p><strong><em>CIUDAD DE M\u00c9XICO:<\/em><\/strong> \u00c1lvaro Obreg\u00f3n, Azcapotzalco, Benito Ju\u00e1rez, Coyoac\u00e1n, Cuajimalpa, Cuauht\u00e9moc, Gustavo A. Madero, Iztacalco, Iztapalapa, Magdalena Contreras, Miguel Hidalgo, Tl\u00e1huac, Tlalpan, Venustiano Carranza, Xochimilco.<\/p>\n\n\n\n<p><strong><em>ESTADO DE M\u00c9XICO: <\/em><\/strong>Atizap\u00e1n, Coacalco, Cuautitl\u00e1n, Ecatepec, Huixquilucan, Ixtapaluca, Los Reyes La Paz, Naucalpan, Nezahualc\u00f3yotl, Tlalnepantla, Toluca, Tultitl\u00e1n.<\/p>\n\n\n\n<div class=\"wp-block-buttons is-layout-flex wp-block-buttons-is-layout-flex\">\n<div class=\"wp-block-button\"><a class=\"wp-block-button__link wp-element-button\" href=\"http:\/\/sentimientodemexico.com\/index.php\/blog\/\" style=\"border-radius:50px\">Ver costos<\/a><\/div>\n<\/div>\n<\/div><\/div>\n\n\n\n<p><\/p>\n","protected":false},"excerpt":{"rendered":"<p>MARIACHI ECON\u00d3MICO &#8211; B\u00c1SICO Disponible con grupo desde 4 hasta 9 integrantes. Conforme incrementa el tama\u00f1o, aumentan los instrumentos y vocalistas. MARIACHI GRANDE COMPLETO Consta de 10 a 12 integrantes, puede llevar los instrumentos normales, arpa, acorde\u00f3n o audio b\u00e1sico. MARIACHI MONUMENTAL Consta de 12 o m\u00e1s integrantes, se presenta con arpa o acorde\u00f3n y&hellip; <a class=\"more-link\" href=\"https:\/\/sentimientodemexico.com\/\">Seguir leyendo <span class=\"screen-reader-text\">Sentimiento de M\u00e9xico<\/span><\/a><\/p>\n","protected":false},"author":1,"featured_media":0,"parent":0,"menu_order":1,"comment_status":"closed","ping_status":"closed","template":"","meta":{"_joinchat":[],"footnotes":""},"class_list":["post-6","page","type-page","status-publish","hentry","entry"],"jetpack_sharing_enabled":false,"_links":{"self":[{"href":"https:\/\/sentimientodemexico.com\/index.php\/wp-json\/wp\/v2\/pages\/6","targetHints":{"allow":["GET"]}}],"collection":[{"href":"https:\/\/sentimientodemexico.com\/index.php\/wp-json\/wp\/v2\/pages"}],"about":[{"href":"https:\/\/sentimientodemexico.com\/index.php\/wp-json\/wp\/v2\/types\/page"}],"author":[{"embeddable":true,"href":"https:\/\/sentimientodemexico.com\/index.php\/wp-json\/wp\/v2\/users\/1"}],"replies":[{"embeddable":true,"href":"https:\/\/sentimientodemexico.com\/index.php\/wp-json\/wp\/v2\/comments?post=6"}],"version-history":[{"count":37,"href":"https:\/\/sentimientodemexico.com\/index.php\/wp-json\/wp\/v2\/pages\/6\/revisions"}],"predecessor-version":[{"id":1114,"href":"https:\/\/sentimientodemexico.com\/index.php\/wp-json\/wp\/v2\/pages\/6\/revisions\/1114"}],"wp:attachment":[{"href":"https:\/\/sentimientodemexico.com\/index.php\/wp-json\/wp\/v2\/media?parent=6"}],"curies":[{"name":"wp","href":"https:\/\/api.w.org\/{rel}","templated":true}]}}